{"id":1435,"date":"2024-05-23T15:32:10","date_gmt":"2024-05-23T15:32:10","guid":{"rendered":"https:\/\/wordpress2440703.home.pl\/?page_id=1435"},"modified":"2024-05-27T12:17:40","modified_gmt":"2024-05-27T12:17:40","slug":"informacja-prawna","status":"publish","type":"page","link":"https:\/\/www.hrc.com.pl\/en\/relacje-inwestorskie\/informacja-prawna\/","title":{"rendered":"Informacja prawna"},"content":{"rendered":"<p>Sp\u00f3\u0142ka GRUPA HRC S.A. z siedzib\u0105 w Warszawie powsta\u0142a 9 grudnia 2010 r. z przekszta\u0142cenia Human Resources Consulting Sp. z o.o.<br>z siedzib\u0105 w Warszawie. Sp\u00f3\u0142ka Human Resources Consulting Sp. z o.o. zosta\u0142a za\u0142o\u017cona w dniu 5 sierpnia 1999 r.<\/p>\n\n\n\n<p>Nasza dzia\u0142alno\u015b\u0107 od samego pocz\u0105tku istnienia skoncentrowana jest na \u015bwiadczeniu us\u0142ug zwi\u0105zanych z poszukiwaniem pracownik\u00f3w, w tym na stanowiska menad\u017cerskie (head hunting), us\u0142ug po\u015brednictwa pracy i doradztwa personalnego oraz konsultingu HR w zakresie zarz\u0105dzania zasobami ludzkimi &nbsp;(assessment center, development center, doradztwo organizacyjne). Swoje us\u0142ugi \u015bwiadczymy zar\u00f3wno na rynku krajowym jak i rynkach zagranicznych.<\/p>\n\n\n\n<p>Posiadamy status Agencji Zatrudnienia i certyfikat w zakresie doradztwa personalnego<br>(nr w Krajowym Rejestrze Agencji Zatrudnienia: 1991).<\/p>\n\n\n\n<p>Naszym celem strategicznym&nbsp; jest zbudowanie podmiotu gospodarczego, kt\u00f3ry ze wzgl\u0119du na skal\u0119 dzia\u0142alno\u015bci oraz jako\u015b\u0107 \u015bwiadczonych us\u0142ug, b\u0119dzie liderem rynk\u00f3w na kt\u00f3rych postanowi dzia\u0142a\u0107 w dziedzinie rekrutacji i executive recruitment oraz w konsultingu HR czyli w obszarach ekskluzywnych, w kt\u00f3rych uzyskuje wysokie mar\u017ce. Nasza strategia rozwoju zak\u0142ada systematyczny wzrost skali dzia\u0142alno\u015bci i zwi\u0119kszanie udzia\u0142u w krajowym rynku us\u0142ug rekrutacyjnych oraz konsultingu HR.<\/p>\n\n\n\n<p><strong>Nasze dane rejestrowe:<\/strong><\/p>\n\n\n\n<p>Grupa HRC Sp\u00f3\u0142ka Akcyjna<br>Adres siedziby: &nbsp;ul. Leszno 8 lok. 1, 01-192 Warszawa<br>Numer telefonu: +48 22 862 38 12<br>Adres poczty elektronicznej:&nbsp;<a href=\"mailto:office@hrc.com.pl\">office@hrc.com.pl<\/a><br>Adres strony internetowej:&nbsp;<a href=\"https:\/\/www.hrc.com.pl\/en\/\">www.hrc.com.pl<\/a><br>NIP: 9511949454<br>REGON: 016099664<br><br>Sp\u00f3\u0142ka zarejestrowana przez S\u0105d Rejonowy dla m. st. Warszawy,<br>XIII Wydzia\u0142 Gospodarczy Krajowego Rejestru S\u0105dowego<br>pod numerem KRS: 0000372596<br>Kapita\u0142 zak\u0142adowy: 850&nbsp;000 z\u0142, op\u0142acony w ca\u0142o\u015bci<\/p>\n\n\n\n<p><strong>Animator akcji:<\/strong><\/p>\n\n\n\n<h4 class=\"wp-block-heading\">NWAI DOM MAKLERSKI S.A.<\/h4>\n\n\n\n<ul class=\"wp-block-list\">\n<li>Nowy \u015awiat 64<br>00-357 Warszawa<br>Polska<\/li>\n\n\n\n<li>+48 222 019 750<br>+48 534 203 498<\/li>\n\n\n\n<li>company@nwai.pl<\/li>\n<\/ul>","protected":false},"excerpt":{"rendered":"<p>Sp\u00f3\u0142ka GRUPA HRC S.A. z siedzib\u0105 w Warszawie powsta\u0142a 9 grudnia 2010 r. z przekszta\u0142cenia Human Resources Consulting Sp. z o.o.z siedzib\u0105 w Warszawie. Sp\u00f3\u0142ka Human Resources Consulting Sp. z o.o. zosta\u0142a za\u0142o\u017cona w dniu 5 sierpnia 1999 r. Nasza dzia\u0142alno\u015b\u0107 od samego pocz\u0105tku istnienia skoncentrowana jest na \u015bwiadczeniu us\u0142ug zwi\u0105zanych z poszukiwaniem pracownik\u00f3w, w [&hellip;]<\/p>","protected":false},"author":1,"featured_media":0,"parent":1449,"menu_order":0,"comment_status":"closed","ping_status":"closed","template":"","meta":{"footnotes":""},"class_list":["post-1435","page","type-page","status-publish","hentry"],"_links":{"self":[{"href":"https:\/\/www.hrc.com.pl\/en\/wp-json\/wp\/v2\/pages\/1435","targetHints":{"allow":["GET"]}}],"collection":[{"href":"https:\/\/www.hrc.com.pl\/en\/wp-json\/wp\/v2\/pages"}],"about":[{"href":"https:\/\/www.hrc.com.pl\/en\/wp-json\/wp\/v2\/types\/page"}],"author":[{"embeddable":true,"href":"https:\/\/www.hrc.com.pl\/en\/wp-json\/wp\/v2\/users\/1"}],"replies":[{"embeddable":true,"href":"https:\/\/www.hrc.com.pl\/en\/wp-json\/wp\/v2\/comments?post=1435"}],"version-history":[{"count":0,"href":"https:\/\/www.hrc.com.pl\/en\/wp-json\/wp\/v2\/pages\/1435\/revisions"}],"up":[{"embeddable":true,"href":"https:\/\/www.hrc.com.pl\/en\/wp-json\/wp\/v2\/pages\/1449"}],"wp:attachment":[{"href":"https:\/\/www.hrc.com.pl\/en\/wp-json\/wp\/v2\/media?parent=1435"}],"curies":[{"name":"wp","href":"https:\/\/api.w.org\/{rel}","templated":true}]}}