{"id":1457,"date":"2024-05-27T12:19:40","date_gmt":"2024-05-27T12:19:40","guid":{"rendered":"https:\/\/wordpress2440703.home.pl\/?page_id=1457"},"modified":"2024-05-27T12:19:41","modified_gmt":"2024-05-27T12:19:41","slug":"wladze-spolki","status":"publish","type":"page","link":"https:\/\/www.hrc.com.pl\/en\/relacje-inwestorskie\/wladze-spolki\/","title":{"rendered":"W\u0142adze sp\u00f3\u0142ki"},"content":{"rendered":"<h2 class=\"wp-block-heading\">ZARZ\u0104D:<\/h2>\n\n\n\n<p><strong>PIOTR MACOCH<\/strong>&nbsp;\u2013 CZ\u0141ONEK ZARZ\u0104DU<\/p>\n\n\n\n<p>Urodzony w 1964 r., Absolwent Wydzia\u0142u Prawa i Administracji Uniwersytetu Warszawskiego, radca prawny wpisany na list\u0119 radc\u00f3w prawnych prowadzon\u0105 przez Rad\u0119 Okr\u0119gowej Izby Radc\u00f3w Prawnych w Warszawie, posiada wieloletnie do\u015bwiadczenie zawodowe w bran\u017cy rekrutacyjnej, w latach 90tych pracowa\u0142 jako Specjalista w Kraft Foods Polska Sp. z o.o., karier\u0119 w Human Resource Consulting Sp. z o.o. (poprzedniczki prawnej Grupa HRC S.A.)&nbsp; zacz\u0105\u0142 w roku 2000 r. na stanowisku Konsultant; od 2010 r. Cz\u0142onek Zarz\u0105du.<\/p>\n\n\n\n<h2 class=\"wp-block-heading\">RADA NADZORCZA:<\/h2>\n\n\n\n<p><strong>ADAM PATUREJ<\/strong>&nbsp;\u2013 CZ\u0141ONEK RADY NADZORCZEJ<\/p>\n\n\n\n<p>Urodzony w 1989 r., w 2012 uko\u0144czy\u0142 studia magisterskie z Ekonomii Przemys\u0142owej na London School of Economics. Jego do\u015bwiadczenie obejmuje zarz\u0105dzanie finansami (certyfikat CIMA), oraz obs\u0142ug\u0119 finansow\u0105 projekt\u00f3w unijnych (o bud\u017cecie ponad 650 000 EURO). Jest tak\u017ce ekspertem z zagadnie\u0144 cyberbezpiecze\u0144stwa dla przemys\u0142u oraz specjalist\u0105 ds. sieci IT.<br>Obecny Prezes Zarz\u0105du sp\u00f3\u0142ki Intchem Sp. z o.o prowadz\u0105c\u0105 dzia\u0142alno\u015b\u0107 zapewniaj\u0105c\u0105 bezpiecze\u0144stwo w przemy\u015ble.<\/p>\n\n\n\n<p><strong>KAMIL GRZESZCZUK<\/strong>&nbsp;\u2013 CZ\u0141ONEK RADY NADZORCZEJ<\/p>\n\n\n\n<p>Urodzony w 1982 r., Absolwent Wydzia\u0142u Prawa i Administracji Uniwersytetu Gda\u0144skiego, radca prawny wpisany na list\u0119 radc\u00f3w prawnych prowadzon\u0105 przez Rad\u0119 Okr\u0119gowej Izby Radc\u00f3w Prawnych w Warszawie, od 2008 r. zwi\u0105zany z Paturej Kancelaria Prawna Sp.k., specjalizuje si\u0119 w prawie cywilnym, prawie pracy i prawie handlowym, posiada wieloletnie do\u015bwiadczenie w kompleksowej obs\u0142udze prawnej podmiot\u00f3w gospodarczych.<\/p>\n\n\n\n<p><strong>KRZYSZTOF PATUREJ<\/strong>&nbsp;\u2013&nbsp;CZ\u0141ONEK RADY NADZORCZEJ<\/p>\n\n\n\n<p>Urodzony w 1962 r., Prezes i inicjator Mi\u0119dzynarodowego Centrum Bezpiecze\u0144stwa Chemicznego w Polsce (ICCSS). Przewodniczy\u0142 Trzeciej Konferencji Przegl\u0105dowej OPCW w Hadze w kwietniu 2013 roku, jako ambasador tytularny w Ministerstwie Spraw Zagranicznych RP. Amb. Paturej posiada do\u015bwiadczenie w dyplomacji wielostronnej, negocjacjach i relacjach wielokulturowych, rozbrojeniu i nierozprzestrzenianiu broni masowego ra\u017cenia, przeciwdzia\u0142aniu terroryzmowi. Prowadzi\u0142 programy na rzecz wsp\u00f3\u0142pracy rozwojowej i wymiany mi\u0119dzynarodowej, kontakt\u00f3w ze spo\u0142ecze\u0144stwem obywatelskim. Amb. Paturej posiada do\u015bwiadczenie w analizie i zarz\u0105dzaniu ryzykiem. Jest aktywnie zaanga\u017cowany w promowanie globalnego bezpiecze\u0144stwa chemicznego i rozwoju globalnej kultury bezpiecze\u0144stwa chemicznego.<\/p>\n\n\n\n<p><strong>W\u0141ADYS\u0141AW PATUREJ \u2013&nbsp;<\/strong>CZ\u0141ONEK RADY NADZORCZEJ<\/p>\n\n\n\n<p>Urodzony w 1967 r., wieloletni Komendant Pa\u0144stwowej Stra\u017cy Granicznej w Jeleniej G\u00f3rze, posiadaj\u0105cy bogate do\u015bwiadczenie w zakresie procedur karno-administracyjnych.<\/p>\n\n\n\n<p><strong>KRZYSZTOF TERELAK&nbsp;<\/strong>&#8211; CZ\u0141ONEK RADY NADZORCZEJ<\/p>\n\n\n\n<p>Urodzony w 1957 r. do\u015bwiadczony samorz\u0105dowiec, wieloletni Kierownik w Starostwie Powiatowym w Boles\u0142awcu, posiadaj\u0105cy bogate do\u015bwiadczenie w administracji publicznej.<\/p>","protected":false},"excerpt":{"rendered":"<p>ZARZ\u0104D: PIOTR MACOCH&nbsp;\u2013 CZ\u0141ONEK ZARZ\u0104DU Urodzony w 1964 r., Absolwent Wydzia\u0142u Prawa i Administracji Uniwersytetu Warszawskiego, radca prawny wpisany na list\u0119 radc\u00f3w prawnych prowadzon\u0105 przez Rad\u0119 Okr\u0119gowej Izby Radc\u00f3w Prawnych w Warszawie, posiada wieloletnie do\u015bwiadczenie zawodowe w bran\u017cy rekrutacyjnej, w latach 90tych pracowa\u0142 jako Specjalista w Kraft Foods Polska Sp. z o.o., karier\u0119 w Human [&hellip;]<\/p>","protected":false},"author":1,"featured_media":0,"parent":1449,"menu_order":0,"comment_status":"closed","ping_status":"closed","template":"","meta":{"footnotes":""},"class_list":["post-1457","page","type-page","status-publish","hentry"],"_links":{"self":[{"href":"https:\/\/www.hrc.com.pl\/en\/wp-json\/wp\/v2\/pages\/1457","targetHints":{"allow":["GET"]}}],"collection":[{"href":"https:\/\/www.hrc.com.pl\/en\/wp-json\/wp\/v2\/pages"}],"about":[{"href":"https:\/\/www.hrc.com.pl\/en\/wp-json\/wp\/v2\/types\/page"}],"author":[{"embeddable":true,"href":"https:\/\/www.hrc.com.pl\/en\/wp-json\/wp\/v2\/users\/1"}],"replies":[{"embeddable":true,"href":"https:\/\/www.hrc.com.pl\/en\/wp-json\/wp\/v2\/comments?post=1457"}],"version-history":[{"count":0,"href":"https:\/\/www.hrc.com.pl\/en\/wp-json\/wp\/v2\/pages\/1457\/revisions"}],"up":[{"embeddable":true,"href":"https:\/\/www.hrc.com.pl\/en\/wp-json\/wp\/v2\/pages\/1449"}],"wp:attachment":[{"href":"https:\/\/www.hrc.com.pl\/en\/wp-json\/wp\/v2\/media?parent=1457"}],"curies":[{"name":"wp","href":"https:\/\/api.w.org\/{rel}","templated":true}]}}