{"id":1462,"date":"2024-05-27T13:15:34","date_gmt":"2024-05-27T13:15:34","guid":{"rendered":"https:\/\/wordpress2440703.home.pl\/?page_id=1462"},"modified":"2024-05-27T13:15:34","modified_gmt":"2024-05-27T13:15:34","slug":"akcjonariat","status":"publish","type":"page","link":"https:\/\/www.hrc.com.pl\/en\/relacje-inwestorskie\/akcjonariat\/","title":{"rendered":"Akcjonariat"},"content":{"rendered":"<figure class=\"wp-block-table\"><table><tbody><tr><td><strong>Lp.<\/strong><\/td><td><strong>Dane akcjonariusza<\/strong><\/td><td><strong>Seria<\/strong><\/td><td><strong>Liczba<\/strong><br><strong>akcji<\/strong><\/td><td><strong>Nominalna warto\u015b\u0107 1 akcj<\/strong><\/td><td><strong>Nominalna warto\u015bc akcji<\/strong><\/td><td><strong>Udzia\u0142 % w kapitale<\/strong><\/td><\/tr><tr><td>1.<\/td><td>Waldemar Paturej<\/td><td>akcje serii A<\/td><td>5 250 000<\/td><td>0,10 z\u0142<\/td><td>525 000,00 z\u0142<\/td><td>61,76%<\/td><\/tr><tr><td>2.<\/td><td>Akcje w obrocie publicznym (NewConnect) Free Float<\/td><td>akcje serii B<\/td><td>1 000 000<\/td><td>0,10 z\u0142<\/td><td>100 000,00 z\u0142<\/td><td>11,76%<\/td><\/tr><tr><td>3.<\/td><td>Waldemar Paturej<\/td><td>akcje serii C<\/td><td>730 000<\/td><td>0,10 z\u0142<\/td><td>73 000,00 z\u0142<\/td><td>8,59%<\/td><\/tr><tr><td>4.<\/td><td>Capital Partnership&nbsp; Sp. z o.o.<\/td><td>akcje serii C<\/td><td>1 520 000<\/td><td>0,10 z\u0142<\/td><td>152 000,00 z\u0142<\/td><td>17,88%<\/td><\/tr><tr><td><strong>SUMA<\/strong><\/td><td>&nbsp;<\/td><td><strong>A,B,C<\/strong><\/td><td><strong>8.500.000<\/strong><\/td><td>&nbsp;<\/td><td><strong>850 000,00 z\u0142<\/strong><\/td><td><strong>100,00%<\/strong><\/td><\/tr><\/tbody><\/table><\/figure>","protected":false},"excerpt":{"rendered":"<p>Lp. Dane akcjonariusza Seria Liczbaakcji Nominalna warto\u015b\u0107 1 akcj Nominalna warto\u015bc akcji Udzia\u0142 % w kapitale 1. Waldemar Paturej akcje serii A 5 250 000 0,10 z\u0142 525 000,00 z\u0142 61,76% 2. Akcje w obrocie publicznym (NewConnect) Free Float akcje serii B 1 000 000 0,10 z\u0142 100 000,00 z\u0142 11,76% 3. Waldemar Paturej akcje [&hellip;]<\/p>","protected":false},"author":1,"featured_media":0,"parent":1449,"menu_order":0,"comment_status":"closed","ping_status":"closed","template":"","meta":{"footnotes":""},"class_list":["post-1462","page","type-page","status-publish","hentry"],"_links":{"self":[{"href":"https:\/\/www.hrc.com.pl\/en\/wp-json\/wp\/v2\/pages\/1462","targetHints":{"allow":["GET"]}}],"collection":[{"href":"https:\/\/www.hrc.com.pl\/en\/wp-json\/wp\/v2\/pages"}],"about":[{"href":"https:\/\/www.hrc.com.pl\/en\/wp-json\/wp\/v2\/types\/page"}],"author":[{"embeddable":true,"href":"https:\/\/www.hrc.com.pl\/en\/wp-json\/wp\/v2\/users\/1"}],"replies":[{"embeddable":true,"href":"https:\/\/www.hrc.com.pl\/en\/wp-json\/wp\/v2\/comments?post=1462"}],"version-history":[{"count":0,"href":"https:\/\/www.hrc.com.pl\/en\/wp-json\/wp\/v2\/pages\/1462\/revisions"}],"up":[{"embeddable":true,"href":"https:\/\/www.hrc.com.pl\/en\/wp-json\/wp\/v2\/pages\/1449"}],"wp:attachment":[{"href":"https:\/\/www.hrc.com.pl\/en\/wp-json\/wp\/v2\/media?parent=1462"}],"curies":[{"name":"wp","href":"https:\/\/api.w.org\/{rel}","templated":true}]}}