{"id":1464,"date":"2024-05-27T13:22:09","date_gmt":"2024-05-27T13:22:09","guid":{"rendered":"https:\/\/wordpress2440703.home.pl\/?page_id=1464"},"modified":"2026-04-27T12:34:55","modified_gmt":"2026-04-27T10:34:55","slug":"walne-zgromadzenia","status":"publish","type":"page","link":"https:\/\/www.hrc.com.pl\/en\/relacje-inwestorskie\/walne-zgromadzenia\/","title":{"rendered":"Walne zgromadzenia"},"content":{"rendered":"<p><strong>Zgromadzenia odbyte w roku 2026<\/strong><\/p>\n\n\n\n<p>Zarz\u0105d Sp\u00f3\u0142ki GRUPA HRC S.A. informuje o zwo\u0142aniu na dzie\u0144 28 maja 2026r. na godzin\u0119 12.00 Zwyczajnego Walnego Zgromadzenia Sp\u00f3\u0142ki, kt\u00f3re odb\u0119dzie si\u0119 w Warszawie w Kancelarii Notarialnej Agnieszki Taras przy ul. Karolkowej 50 lok. 3, 01-203 Warszawa.<\/p>\n\n\n\n<ul class=\"wp-block-list\">\n<li><a href=\"https:\/\/www.hrc.com.pl\/wp-content\/uploads\/2026\/04\/Projekty-uchwa-na-Walne-Zgromad-zenie-Akcjonariuszy-GRUPA-HRC.pdf\" data-type=\"link\" data-id=\"https:\/\/www.hrc.com.pl\/wp-content\/uploads\/2026\/04\/Projekty-uchwa-na-Walne-Zgromad-zenie-Akcjonariuszy-GRUPA-HRC.pdf\" target=\"_blank\" rel=\"noreferrer noopener\">Projekty uchwa\u0142 na Walne Zgromadzenie Akcjonariuszy GRUPA HRC<\/a><\/li>\n\n\n\n<li><a href=\"https:\/\/www.hrc.com.pl\/wp-content\/uploads\/2026\/04\/Ogloszenie-o-Zwyczajnym-Walnym-Zgromadzeniu.pdf\" data-type=\"link\" data-id=\"https:\/\/www.hrc.com.pl\/wp-content\/uploads\/2026\/04\/Ogloszenie-o-Zwyczajnym-Walnym-Zgromadzeniu.pdf\" target=\"_blank\" rel=\"noreferrer noopener\">Og\u0142oszenie o Zwyczajnym Walnym Zgromadzeniu<\/a><\/li>\n\n\n\n<li><a href=\"https:\/\/www.hrc.com.pl\/wp-content\/uploads\/2026\/04\/Formularz-pozwalajacy-na-wykonywani-e-prawa-glosu-przez-pelnomocnika.pdf\" data-type=\"link\" data-id=\"https:\/\/www.hrc.com.pl\/wp-content\/uploads\/2026\/04\/Formularz-pozwalajacy-na-wykonywani-e-prawa-glosu-przez-pelnomocnika.pdf\" target=\"_blank\" rel=\"noreferrer noopener\">Formularz pozwalaj\u0105cy na wykonywanie prawa g\u0142osu przez pe\u0142nomocnika<\/a><\/li>\n\n\n\n<li><a href=\"https:\/\/www.hrc.com.pl\/wp-content\/uploads\/2026\/04\/GRUPA-HRC-Formularz-pelnomocnictwa.pdf\" data-type=\"link\" data-id=\"https:\/\/www.hrc.com.pl\/wp-content\/uploads\/2026\/04\/GRUPA-HRC-Formularz-pelnomocnictwa.pdf\" target=\"_blank\" rel=\"noreferrer noopener\">Formularz pe\u0142nomocnictwa<\/a><\/li>\n\n\n\n<li><a href=\"https:\/\/www.hrc.com.pl\/wp-content\/uploads\/2026\/04\/Informacja-o-ogolnej-liczbie-glosow.pdf\" data-type=\"link\" data-id=\"https:\/\/www.hrc.com.pl\/wp-content\/uploads\/2026\/04\/Informacja-o-ogolnej-liczbie-glosow.pdf\" target=\"_blank\" rel=\"noreferrer noopener\">Informacja o ogo\u0301lnej liczbie g\u0142oso\u0301w<\/a><\/li>\n<\/ul>\n\n\n\n<p><strong>Zgromadzenia odbyte w roku 2025<\/strong><\/p>\n\n\n\n<p>Zwyczajne Walne Zgromadzenie zwo\u0142ane na dzie\u0144 23 czerwca 2025 r.<\/p>\n\n\n\n<ul class=\"wp-block-list\">\n<li><a href=\"https:\/\/www.hrc.com.pl\/wp-content\/uploads\/2025\/06\/Uchwaly_GRUPAHRC.pdf\" data-type=\"link\" data-id=\"https:\/\/www.hrc.com.pl\/wp-content\/uploads\/2025\/06\/Uchwaly_GRUPAHRC.pdf\" target=\"_blank\" rel=\"noreferrer noopener\">Tre\u015b\u0107 podj\u0119tych uchwa\u0142<\/a><\/li>\n<\/ul>\n\n\n\n<p><strong>Zgromadzenia odbyte w roku 2024<\/strong><\/p>\n\n\n\n<p>Zwyczajne Walne Zgromadzenie zwo\u0142ane na dzie\u0144 16 kwietnia 2024 r.&nbsp;<\/p>\n\n\n\n<ul class=\"wp-block-list\">\n<li><a href=\"https:\/\/wordpress2440703.home.pl\/wp-content\/uploads\/2024\/05\/GRUPA-HRC_uchwaly2024.pdf\" data-type=\"link\" data-id=\"https:\/\/wordpress2440703.home.pl\/wp-content\/uploads\/2024\/05\/GRUPA-HRC_uchwaly2024.pdf\">Tre\u015b\u0107 podj\u0119tych uchwa\u0142<\/a><\/li>\n<\/ul>\n\n\n\n<p><strong>Zgromadzenia odbyte w roku 2023<\/strong><\/p>\n\n\n\n<p>Zwyczajne Walne Zgromadzenie zwo\u0142ane na dzie\u0144 5 czerwca 2023 r.&nbsp;<\/p>\n\n\n\n<ul class=\"wp-block-list\">\n<li><a href=\"https:\/\/wordpress2440703.home.pl\/wp-content\/uploads\/2024\/05\/Tresc-uchwal.pdf\" data-type=\"link\" data-id=\"https:\/\/wordpress2440703.home.pl\/wp-content\/uploads\/2024\/05\/Tresc-uchwal.pdf\">Tre\u015b\u0107 podj\u0119tych uchwa\u0142<\/a><\/li>\n<\/ul>\n\n\n\n<p><strong>Zgromadzenia odbyte w roku 2022<\/strong><\/p>\n\n\n\n<p>Zwyczajne Walne Zgromadzenie zwo\u0142ane na dzie\u0144 29 czerwca 2022 r.<\/p>\n\n\n\n<ul class=\"wp-block-list\">\n<li><a href=\"https:\/\/wordpress2440703.home.pl\/wp-content\/uploads\/2024\/05\/Uchwaly_2022.pdf\" data-type=\"link\" data-id=\"https:\/\/wordpress2440703.home.pl\/wp-content\/uploads\/2024\/05\/Uchwaly_2022.pdf\">Tre\u015b\u0107 podj\u0119tych uchwa\u0142<\/a><\/li>\n<\/ul>\n\n\n\n<p><strong>Zgromadzenia odbyte w roku 2021<\/strong><\/p>\n\n\n\n<p>Zwyczajne Walne Zgromadzenie zwo\u0142ane na dzie\u0144 15 czerwca 2021 r.<\/p>\n\n\n\n<ul class=\"wp-block-list\">\n<li><a href=\"https:\/\/wordpress2440703.home.pl\/wp-content\/uploads\/2024\/05\/Uchwaly_zza2021.pdf\" data-type=\"attachment\" data-id=\"1470\">Tre\u015b\u0107 podj\u0119tych uchwa\u0142<\/a><\/li>\n<\/ul>\n\n\n\n<p><strong>Zgromadzenia odbyte w roku 2020<\/strong><\/p>\n\n\n\n<p>Zwyczajne Walne Zgromadzenie zwo\u0142ane na dzie\u0144 30 lipca 2020 r.&nbsp;<\/p>\n\n\n\n<ul class=\"wp-block-list\">\n<li><a href=\"https:\/\/wordpress2440703.home.pl\/wp-content\/uploads\/2024\/05\/uchwaly_30_lipca_2020.pdf\" data-type=\"attachment\" data-id=\"1468\">Tre\u015b\u0107 podj\u0119tych uchwa\u0142<\/a><\/li>\n<\/ul>\n\n\n\n<p>Nadzwyczajne WZwyczajne Walne Zgromadzenie zwo\u0142ane na dzie\u0144 30 lipca 2020 r.alne Zgromadzenie zwo\u0142ane na dzie\u0144 16 wrze\u015bnia 2020 r.&nbsp;<\/p>\n\n\n\n<ul class=\"wp-block-list\">\n<li><a href=\"https:\/\/wordpress2440703.home.pl\/wp-content\/uploads\/2024\/05\/uchwaly_16_wrzesnia_2020.pdf\" data-type=\"attachment\" data-id=\"1467\">Tre\u015b\u0107 podj\u0119tych uchwa\u0142<\/a><\/li>\n<\/ul>\n\n\n\n<p>Nadzwyczajne Walne Zgromadzenie zwio\u0142ane na dzie\u0144 30 wrze\u015bnia 2020 r. (po przerwie)<\/p>\n\n\n\n<ul class=\"wp-block-list\">\n<li><a href=\"https:\/\/wordpress2440703.home.pl\/wp-content\/uploads\/2024\/05\/uchwaly_30_wrzesnia_2020.pdf\" data-type=\"attachment\" data-id=\"1466\">Tre\u015b\u0107 podj\u0119tych uchwa\u0142<\/a><\/li>\n<\/ul>\n\n\n\n<p>Nadzwyczajne Walne Zgromadzenie zwo\u0142ane na dzie\u0144 14 pa\u017adziernika 2020 r. (po przerwie)<\/p>\n\n\n\n<ul class=\"wp-block-list\">\n<li><a href=\"https:\/\/wordpress2440703.home.pl\/wp-content\/uploads\/2024\/05\/uchwaly_14_pazdziernik_2020.pdf\" data-type=\"attachment\" data-id=\"1465\">Tre\u015b\u0107 podj\u0119tych uchwa\u0142<\/a><\/li>\n<\/ul>","protected":false},"excerpt":{"rendered":"<p>Zgromadzenia odbyte w roku 2026 Zarz\u0105d Sp\u00f3\u0142ki GRUPA HRC S.A. informuje o zwo\u0142aniu na dzie\u0144 28 maja 2026r. na godzin\u0119 12.00 Zwyczajnego Walnego Zgromadzenia Sp\u00f3\u0142ki, kt\u00f3re odb\u0119dzie si\u0119 w Warszawie w Kancelarii Notarialnej Agnieszki Taras przy ul. Karolkowej 50 lok. 3, 01-203 Warszawa. Zgromadzenia odbyte w roku 2025 Zwyczajne Walne Zgromadzenie zwo\u0142ane na dzie\u0144 23 [&hellip;]<\/p>","protected":false},"author":1,"featured_media":0,"parent":1449,"menu_order":0,"comment_status":"closed","ping_status":"closed","template":"","meta":{"footnotes":""},"class_list":["post-1464","page","type-page","status-publish","hentry"],"_links":{"self":[{"href":"https:\/\/www.hrc.com.pl\/en\/wp-json\/wp\/v2\/pages\/1464","targetHints":{"allow":["GET"]}}],"collection":[{"href":"https:\/\/www.hrc.com.pl\/en\/wp-json\/wp\/v2\/pages"}],"about":[{"href":"https:\/\/www.hrc.com.pl\/en\/wp-json\/wp\/v2\/types\/page"}],"author":[{"embeddable":true,"href":"https:\/\/www.hrc.com.pl\/en\/wp-json\/wp\/v2\/users\/1"}],"replies":[{"embeddable":true,"href":"https:\/\/www.hrc.com.pl\/en\/wp-json\/wp\/v2\/comments?post=1464"}],"version-history":[{"count":2,"href":"https:\/\/www.hrc.com.pl\/en\/wp-json\/wp\/v2\/pages\/1464\/revisions"}],"predecessor-version":[{"id":1817,"href":"https:\/\/www.hrc.com.pl\/en\/wp-json\/wp\/v2\/pages\/1464\/revisions\/1817"}],"up":[{"embeddable":true,"href":"https:\/\/www.hrc.com.pl\/en\/wp-json\/wp\/v2\/pages\/1449"}],"wp:attachment":[{"href":"https:\/\/www.hrc.com.pl\/en\/wp-json\/wp\/v2\/media?parent=1464"}],"curies":[{"name":"wp","href":"https:\/\/api.w.org\/{rel}","templated":true}]}}