{"id":1508,"date":"2024-05-28T08:13:39","date_gmt":"2024-05-28T08:13:39","guid":{"rendered":"https:\/\/wordpress2440703.home.pl\/?page_id=1508"},"modified":"2026-03-24T20:57:44","modified_gmt":"2026-03-24T19:57:44","slug":"raporty-okresowe-roczne","status":"publish","type":"page","link":"https:\/\/www.hrc.com.pl\/en\/relacje-inwestorskie\/raporty-okresowe-roczne\/","title":{"rendered":"Raporty okresowe roczne"},"content":{"rendered":"<h2 class=\"wp-block-heading\">RAPORTY ROCZNE ZA ROK 2025<\/h2>\n\n\n\n<ul class=\"wp-block-list\">\n<li><a href=\"https:\/\/www.hrc.com.pl\/wp-content\/uploads\/2026\/02\/RAPORT-ROCZNY-ZA-2025-ROK.pdf\" data-type=\"attachment\" data-id=\"1733\">Raport roczny za 2025 rok<\/a><\/li>\n\n\n\n<li><a href=\"https:\/\/www.hrc.com.pl\/wp-content\/uploads\/2026\/02\/Zalacznik-nr-1-Sprawozdanie-finansowe-za-2025-rok.pdf\" data-type=\"link\" data-id=\"https:\/\/www.hrc.com.pl\/wp-content\/uploads\/2026\/02\/Zalacznik-nr-1-Sprawozdanie-finansowe-za-2025-rok.pdf\">Za\u0142\u0105cznik nr 1 &#8211; Sprawozdanie Finansowe za 2025 rok<\/a><\/li>\n\n\n\n<li><a href=\"https:\/\/www.hrc.com.pl\/wp-content\/uploads\/2026\/02\/Zalacznik-nr-2-Opinia-bieglego-rewidenta-za-2025-rok.pdf\" data-type=\"link\" data-id=\"https:\/\/www.hrc.com.pl\/wp-content\/uploads\/2026\/02\/Zalacznik-nr-2-Opinia-bieglego-rewidenta-za-2025-rok.pdf\">Za\u0142\u0105cznik nr 2 &#8211; Opinia Bieg\u0142ego Rewidenta za 2025 rok\u00a0<\/a><\/li>\n\n\n\n<li><a href=\"https:\/\/www.hrc.com.pl\/wp-content\/uploads\/2026\/03\/SKORYGOWANY-RAPORT-ROCZNY-ZA-2025-ROK.pdf\" data-type=\"attachment\" data-id=\"1807\">SKORYGOWANY RAPORT ROCZNY ZA 2025 ROK<\/a><\/li>\n\n\n\n<li><a href=\"https:\/\/www.hrc.com.pl\/wp-content\/uploads\/2026\/03\/Zaacznik-nr-1-Skorygowane-spra-wozdanie-finansowe-za-2025-rok.pdf\">Za\u0142\u0105cznik nr 1 &#8211; Skorygowane sprawozdanie finansowe za 2025 rok<\/a><\/li>\n\n\n\n<li><a href=\"https:\/\/www.hrc.com.pl\/wp-content\/uploads\/2026\/03\/Zalacznik-nr-2-Skorygowana-opinia-bieglego.pdf\" data-type=\"link\" data-id=\"https:\/\/www.hrc.com.pl\/wp-content\/uploads\/2026\/03\/Zalacznik-nr-2-Skorygowana-opinia-bieglego.pdf\">Za\u0142a\u0328cznik nr 2 &#8211; Skorygowana opinia bieg\u0142ego<\/a><\/li>\n\n\n\n<li><a href=\"https:\/\/www.hrc.com.pl\/wp-content\/uploads\/2026\/03\/Wyjasnienie-korekty-i-wykaz-zmian-1.pdf\" data-type=\"link\" data-id=\"https:\/\/www.hrc.com.pl\/wp-content\/uploads\/2026\/03\/Wyjasnienie-korekty-i-wykaz-zmian-1.pdf\">Wyjas\u0301nienie korekty i wykaz zmian<\/a><\/li>\n<\/ul>\n\n\n\n<h2 class=\"wp-block-heading\">RAPORTY ROCZNE ZA ROK 2024<\/h2>\n\n\n\n<ul class=\"wp-block-list\">\n<li><a href=\"https:\/\/www.hrc.com.pl\/wp-content\/uploads\/2025\/04\/RAPORT-ROCZNY-ZA-2024-ROK.pdf\" data-type=\"attachment\" data-id=\"1682\" target=\"_blank\" rel=\"noreferrer noopener\">Raport roczny za 2024 rok<\/a><\/li>\n\n\n\n<li><a href=\"https:\/\/www.hrc.com.pl\/wp-content\/uploads\/2025\/04\/Zalacznik-nr-1-SPRAWOZDANIE-FINANSOWE-ZA-ROK-2024.pdf\" data-type=\"link\" data-id=\"https:\/\/www.hrc.com.pl\/wp-content\/uploads\/2025\/04\/Zalacznik-nr-1-SPRAWOZDANIE-FINANSOWE-ZA-ROK-2024.pdf\" target=\"_blank\" rel=\"noreferrer noopener\">Za\u0142\u0105cznik nr 1 &#8211; Sprawozdanie Finansowe za 2024 rok<\/a><\/li>\n\n\n\n<li><a href=\"https:\/\/www.hrc.com.pl\/wp-content\/uploads\/2025\/04\/Zalacznik-nr-2-OPINIA-BIEGLEGO-REWIDENTA.pdf\" data-type=\"link\" data-id=\"https:\/\/www.hrc.com.pl\/wp-content\/uploads\/2025\/04\/Zalacznik-nr-2-OPINIA-BIEGLEGO-REWIDENTA.pdf\" target=\"_blank\" rel=\"noreferrer noopener\">Za\u0142\u0105cznik nr 2 &#8211; Opinia Bieg\u0142ego Rewidenta za 2024 rok&nbsp;<\/a><\/li>\n<\/ul>\n\n\n\n<h2 class=\"wp-block-heading\">RAPORTY ROCZNE ZA ROK 2023<\/h2>\n\n\n\n<ul class=\"wp-block-list\">\n<li><a href=\"\/pdf\/RAPORT ROCZNY2023.pdf\" target=\"_blank\" rel=\"noreferrer noopener\">Raport roczny za 2023 rok<\/a><\/li>\n\n\n\n<li><a href=\"\/pdf\/Sprawozdanie2023.pdf\" target=\"_blank\" rel=\"noreferrer noopener\">Za\u0142\u0105cznik nr 1 &#8211; Sprawozdanie Finansowe za 2023 rok<\/a><\/li>\n\n\n\n<li><a href=\"\/pdf\/Opinia 2023.pdf\" target=\"_blank\" rel=\"noreferrer noopener\">Za\u0142\u0105cznik nr 2 &#8211; Opinia Bieg\u0142ego Rewidenta za 2023 rok&nbsp;<\/a><\/li>\n<\/ul>\n\n\n\n<h2 class=\"wp-block-heading\">RAPORTY ROCZNE ZA ROK 2022<\/h2>\n\n\n\n<ul class=\"wp-block-list\">\n<li><a href=\"\/pdf\/RAPORT ROCZNY ZA 2022 ROK.pdf\" target=\"_blank\" rel=\"noreferrer noopener\">Raport roczny za 2022 rok<\/a><\/li>\n\n\n\n<li><a href=\"\/pdf\/Za\u0142\u0105cznik nr 1 - Sprawozdanie Finansowe za 2022 rok.pdf\" target=\"_blank\" rel=\"noreferrer noopener\">Za\u0142\u0105cznik nr 1 &#8211; Sprawozdanie Finansowe za 2022 rok<\/a><\/li>\n\n\n\n<li><a href=\"\/pdf\/Za\u0142\u0105cznik nr 2 - Opinia Bieg\u0142ego Rewidenta za 2022 rok.pdf\" target=\"_blank\" rel=\"noreferrer noopener\">Za\u0142\u0105cznik nr 2 &#8211; Opinia Bieg\u0142ego Rewidenta za 2022 rok&nbsp;<\/a><\/li>\n<\/ul>\n\n\n\n<h2 class=\"wp-block-heading\">RAPORTY ROCZNE ZA ROK 2021<\/h2>\n\n\n\n<ul class=\"wp-block-list\">\n<li><a href=\"\/pdf\/raport_roczny_2021.pdf\" target=\"_blank\" rel=\"noreferrer noopener\">Raport roczny jednostkowy za 2021 rok<\/a><\/li>\n\n\n\n<li><a href=\"\/pdf\/sprawozdanie_2021.pdf\" target=\"_blank\" rel=\"noreferrer noopener\">Za\u0142\u0105cznik nr 1 &#8211; Sprawozdanie Finansowe Jednostowe za 2021 rok<\/a><\/li>\n\n\n\n<li><a href=\"\/pdf\/opinia_2021.pdf\" target=\"_blank\" rel=\"noreferrer noopener\">Za\u0142\u0105cznik nr 2 &#8211; Opinia Bieg\u0142ego Rewidenta za 2021 rok (Jednostkowe)<\/a><\/li>\n<\/ul>\n\n\n\n<h2 class=\"wp-block-heading\">RAPORTY ROCZNE ZA ROK 2020<\/h2>\n\n\n\n<ul class=\"wp-block-list\">\n<li><a href=\"\/pdf\/RAPORT_ROCZNY_ZA_2020_ROK.pdf\" target=\"_blank\" rel=\"noreferrer noopener\">Raport roczny jednostkowy za 2020 rok<\/a><\/li>\n\n\n\n<li><a href=\"\/pdf\/Za\u0142acznik_nr_1_-_Sprawozdanie_finansowe_za_rok_2020.pdf\" target=\"_blank\" rel=\"noreferrer noopener\">Za\u0142\u0105cznik nr 1 &#8211; Sprawozdanie Finansowe Jednostowe za 2020 rok<\/a><\/li>\n\n\n\n<li><a href=\"\/pdf\/Zalacznik_nr_2_-_Opnia_bieglego_rewidenta.pdf\" target=\"_blank\" rel=\"noreferrer noopener\">Za\u0142\u0105cznik nr 2 &#8211; Opinia Bieg\u0142ego Rewidenta za 2020 rok (Jednostkowe)<\/a><\/li>\n<\/ul>\n\n\n\n<h2 class=\"wp-block-heading\">RAPORTY ROCZNE ZA ROK 2019<\/h2>\n\n\n\n<ul class=\"wp-block-list\">\n<li><a href=\"\/pdf\/RAPORT_ROCZNY_ZA_2019_ROK.pdf\" target=\"_blank\" rel=\"noreferrer noopener\">Raport roczny jednostkowy za 2019 rok<\/a><\/li>\n\n\n\n<li><a href=\"\/pdf\/Za\u0142\u0105cznik_nr_1_-_Sprawozdanie_finansowe_za_rok_2019.pdf\" target=\"_blank\" rel=\"noreferrer noopener\">Za\u0142\u0105cznik nr 1 &#8211; Sprawozdanie Finansowe Jednostowe za 2019 rok<\/a><\/li>\n\n\n\n<li><a href=\"\/pdf\/Za\u0142\u0105cznik_nr_2 _-_Opinia_bieg\u0142ego_rewidenta.pdf\" target=\"_blank\" rel=\"noreferrer noopener\">Za\u0142\u0105cznik nr 2 &#8211; Opinia Bieg\u0142ego Rewidenta za 2019 rok (Jednostkowe)<\/a><\/li>\n<\/ul>\n\n\n\n<h2 class=\"wp-block-heading\">RAPORTY ROCZNE ZA ROK 2018<\/h2>\n\n\n\n<ul class=\"wp-block-list\">\n<li><a href=\"\/pdf\/raport_roczny_jednostkowy_za_2018r.pdf\" target=\"_blank\" rel=\"noreferrer noopener\">Raport roczny jednostkowy za 2018 rok<\/a><\/li>\n\n\n\n<li><a href=\"\/pdf\/zal_nr_1_spr._finansowe_jednostowe_za_2018r.pdf\" target=\"_blank\" rel=\"noreferrer noopener\">Za\u0142\u0105cznik nr 1 &#8211; Sprawozdanie Finansowe Jednostowe za 2018 rok<\/a><\/li>\n\n\n\n<li><a href=\"\/pdf\/zal_nr_2_opinia_bieglego_rewidenta_za_2018r.pdf\" target=\"_blank\" rel=\"noreferrer noopener\">Za\u0142\u0105cznik nr 2 &#8211; Opinia Bieg\u0142ego Rewidenta za 2018 rok (Jednostkowe)<\/a><\/li>\n<\/ul>\n\n\n\n<h2 class=\"wp-block-heading\">RAPORTY ROCZNE ZA ROK 2017<\/h2>\n\n\n\n<ul class=\"wp-block-list\">\n<li><a href=\"\/pdf\/raport_roczny_jednostkowy_za_2017r.pdf\" target=\"_blank\" rel=\"noreferrer noopener\">Raport roczny jednostkowy za 2017 rok<\/a><\/li>\n\n\n\n<li><a href=\"\/pdf\/zal_nr_1_spr._finansowe_jednostowe_za_2017r.pdf\" target=\"_blank\" rel=\"noreferrer noopener\">Za\u0142\u0105cznik nr 1 &#8211; Sprawozdanie Finansowe Jednostowe za 2017 rok<\/a><\/li>\n\n\n\n<li><a href=\"\/pdf\/zal_nr_2_opinia_bieglego_rewidenta_za_2017r.pdf\" target=\"_blank\" rel=\"noreferrer noopener\">Za\u0142\u0105cznik nr 2 &#8211; Opinia Bieg\u0142ego Rewidenta za 2017 rok (Jednostkowe)<\/a><\/li>\n<\/ul>\n\n\n\n<h2 class=\"wp-block-heading\">RAPORTY ROCZNE ZA ROK 2016<\/h2>\n\n\n\n<ul class=\"wp-block-list\">\n<li><a href=\"\/pdf\/raport_roczny_jednostkowy_za_2016r.pdf\" target=\"_blank\" rel=\"noreferrer noopener\">Raport roczny jednostkowy za 2016 rok<\/a><\/li>\n\n\n\n<li><a href=\"\/pdf\/zal_nr_1_spr._finansowe_jednostowe_za_2016r.pdf\" target=\"_blank\" rel=\"noreferrer noopener\">Za\u0142\u0105cznik nr 1 &#8211; Sprawozdanie Finansowe Jednostowe za 2016 rok<\/a><\/li>\n\n\n\n<li><a href=\"\/pdf\/zal_nr_2_opinia_bieglego_rewidenta_za_2016r_j.pdf\" target=\"_blank\" rel=\"noreferrer noopener\">Za\u0142\u0105cznik nr 2 &#8211; Opinia Bieg\u0142ego Rewidenta za 2016 rok (Jednostkowe)<\/a><\/li>\n<\/ul>\n\n\n\n<h2 class=\"wp-block-heading\">RAPORTY ROCZNE ZA ROK 2015<\/h2>\n\n\n\n<ul class=\"wp-block-list\">\n<li><a href=\"\/pdf\/raport_roczny_jednostkowy_za_2015r.pdf\" target=\"_blank\" rel=\"noreferrer noopener\">Raport roczny jednostkowy za 2015 rok<\/a><\/li>\n\n\n\n<li><a href=\"\/pdf\/zal_nr_1_spr._finansowe_jednostowe_za_2015r.pdf\" target=\"_blank\" rel=\"noreferrer noopener\">Za\u0142\u0105cznik nr 1 &#8211; Sprawozdanie Finansowe Jednostowe za 2015 rok<\/a><\/li>\n\n\n\n<li><a href=\"\/pdf\/zal_nr_2_opinia_bieglego_rewidenta_za_2015r_j.pdf\" target=\"_blank\" rel=\"noreferrer noopener\">Za\u0142\u0105cznik nr 2 &#8211; Opinia Bieg\u0142ego Rewidenta za 2015 rok (Jednostkowe)<\/a><\/li>\n<\/ul>\n\n\n\n<h2 class=\"wp-block-heading\">RAPORTY ROCZNE ZA ROK 2014<\/h2>\n\n\n\n<ul class=\"wp-block-list\">\n<li><a href=\"\/pdf\/raport_roczny_jednostkowy_za_2014r.pdf\" target=\"_blank\" rel=\"noreferrer noopener\">Raport roczny jednostkowy za 2014 rok<\/a><\/li>\n\n\n\n<li><a href=\"\/pdf\/zal_nr_1_spr._finansowe_jednostowe_za_2014r.pdf\" target=\"_blank\" rel=\"noreferrer noopener\">Za\u0142\u0105cznik nr 1 &#8211; Sprawozdanie Finansowe Jednostowe za 2014 rok<\/a><\/li>\n\n\n\n<li><a href=\"\/pdf\/zal_nr_2_opinia_bieglego_rewidenta_za_2014r_j.pdf\" target=\"_blank\" rel=\"noreferrer noopener\">Za\u0142\u0105cznik nr 2 &#8211; Opinia Bieg\u0142ego Rewidenta za 2014 rok (Jednostkowe)<\/a><\/li>\n<\/ul>\n\n\n\n<ul class=\"wp-block-list\">\n<li><a href=\"\/pdf\/raport_roczny_skonsolidowany_za_2014r.pdf\" target=\"_blank\" rel=\"noreferrer noopener\">Raport roczny skonsolidowany za 2014 rok<\/a><\/li>\n\n\n\n<li><a href=\"\/pdf\/zal_nr_1_spr._finansowe_skonsolidowane_za_2014r.pdf\" target=\"_blank\" rel=\"noreferrer noopener\">Za\u0142\u0105cznik nr 1 &#8211; Sprawozdanie Finansowe Skonsolidowane za 2014 rok<\/a><\/li>\n\n\n\n<li><a href=\"\/pdf\/zal_nr_2_opinia_bieglego_rewidenta_za_2014r_s.pdf\" target=\"_blank\" rel=\"noreferrer noopener\">Za\u0142\u0105cznik nr 2 &#8211; Opinia Bieg\u0142ego Rewidenta za 2014 rok (Skonsolidowane)<\/a><\/li>\n<\/ul>\n\n\n\n<h2 class=\"wp-block-heading\">RAPORTY ROCZNE ZA ROK 2013<\/h2>\n\n\n\n<ul class=\"wp-block-list\">\n<li><a href=\"\/pdf\/raport_roczny_jednostkowy.pdf\" target=\"_blank\" rel=\"noreferrer noopener\">Raport roczny jednostkowy<\/a><\/li>\n\n\n\n<li><a href=\"\/pdf\/raport_roczny_skonsolidowany.pdf\" target=\"_blank\" rel=\"noreferrer noopener\"><\/a><a href=\"\/pdf\/zalacznik_nr_1_sprawozdanie_finansowe_jednostkowe.pdf\">Za\u0142\u0105cznik nr 1 Sprawozdanie Finansowe Jednostkowe<\/a><\/li>\n\n\n\n<li><a href=\"\/pdf\/zalacznik_nr_1_sprawozdanie_finansowe_skonsolidowane.pdf\" target=\"_blank\" rel=\"noreferrer noopener\"><\/a><a href=\"\/pdf\/zalacznik_nr_2_opinia_bieglego_rewidenta_(jednostkowe).pdf\" target=\"_blank\" rel=\"noreferrer noopener\">Za\u0142\u0105cznik nr 2 Opinia Bieg\u0142ego Rewidenta (Jednostkowe)<\/a><\/li>\n<\/ul>\n\n\n\n<ul class=\"wp-block-list\">\n<li><a href=\"\/pdf\/raport_roczny_skonsolidowany.pdf\" target=\"_blank\" rel=\"noreferrer noopener\">Raport roczny skonsolidowany<\/a><\/li>\n\n\n\n<li><a href=\"\/en\/pdf\/za\u0142acznik_nr_1_Sprawozdanie_Finansowe_Skonsolidowane_2013.pdf\/\">Za\u0142\u0105cznik nr 1 Sprawozdanie Finansowe Skonsolidowane<\/a><\/li>\n\n\n\n<li><a href=\"\/pdf\/zalacznik_nr_2_opinia_bieglego_rewidenta_(skonsolidowane).pdf\" target=\"_blank\" rel=\"noreferrer noopener\">Za\u0142\u0105cznik nr 2 Opinia Bieg\u0142ego Rewidenta (Skonsolidowane)<\/a><\/li>\n<\/ul>\n\n\n\n<h2 class=\"wp-block-heading\">RAPORTY ROCZNE ZA ROK 2012<\/h2>\n\n\n\n<ul class=\"wp-block-list\">\n<li><a href=\"\/pdf\/raport_roczny_jednostkowy_2012_grupa_hrc_sa.pdf\" target=\"_blank\" rel=\"noreferrer noopener\">Raport roczny jednostkowy<\/a><\/li>\n\n\n\n<li><a href=\"\/pdf\/zalacznik_nr_1_-_sprawozdanie_finansowe_jednostkowe_Grupa_HRC_S.A._2012.pdf\" target=\"_blank\" rel=\"noreferrer noopener\">Za\u0142\u0105cznik nr 1 Sprawozdanie Finansowe Jednostkowe<\/a><\/li>\n\n\n\n<li><a href=\"\/en\/pdf\/zalacznik_nr_2_-_opinia_i_raport_bieglego_rewidenta_%28jednostkowe%29.pdf\/\" target=\"_blank\" rel=\"noreferrer noopener\">Za\u0142\u0105cznik nr 2 Opinia Bieg\u0142ego Rewidenta (Jednostkowe)<\/a><\/li>\n<\/ul>\n\n\n\n<ul class=\"wp-block-list\">\n<li><a href=\"\/pdf\/raport_roczny_skonsolidowany_2012_grupa_hrc_sa.pdf\" target=\"_blank\" rel=\"noreferrer noopener\">Raport roczny skonsolidowany<\/a><\/li>\n\n\n\n<li><a href=\"\/pdf\/zalacznik_nr_1_-_sprawozdanie_finansowe_skonsolidowane_Grupa_HRC_S.A._2012.pdf\" target=\"_blank\" rel=\"noreferrer noopener\">Za\u0142\u0105cznik nr 1 Sprawozdanie Finansowe Jednostkowe<\/a><\/li>\n\n\n\n<li><a href=\"\/en\/pdf\/zalacznik_nr_2_-_opinia_i_raport_bieglego_rewidenta_%28skonsolidowane%29.pdf\/\" target=\"_blank\" rel=\"noreferrer noopener\">Za\u0142\u0105cznik nr 2 Opinia Bieg\u0142ego Rewidenta (Jednostkowe)<\/a><\/li>\n<\/ul>\n\n\n\n<h2 class=\"wp-block-heading\">RAPORTY ROCZNE ZA ROK 2011<\/h2>\n\n\n\n<ul class=\"wp-block-list\">\n<li><a href=\"\/pdf\/Raport_roczny_GRUPA_HRC_SA.2011.pdf\" target=\"_blank\" rel=\"noreferrer noopener\">Raport roczny<\/a><\/li>\n\n\n\n<li><a href=\"\/pdf\/Zalacznik_1_Sprawozdanie_finansowe_GRUPA_HRC_SA_za_2011_rok.pdf\" target=\"_blank\" rel=\"noreferrer noopener\">Za\u0142\u0105cznik nr 1 Sprawozdanie Finansowe Jednostkowe<\/a><\/li>\n\n\n\n<li><a href=\"\/pdf\/Zalacznik_nr_2_Opinia_i_Raport_bieglego_rewidenta_2011.pdf\" target=\"_blank\" rel=\"noreferrer noopener\">Za\u0142\u0105cznik nr 2 Opinia Bieg\u0142ego Rewidenta (Jednostkowe)<\/a><\/li>\n<\/ul>","protected":false},"excerpt":{"rendered":"<p>RAPORTY ROCZNE ZA ROK 2025 RAPORTY ROCZNE ZA ROK 2024 RAPORTY ROCZNE ZA ROK 2023 RAPORTY ROCZNE ZA ROK 2022 RAPORTY ROCZNE ZA ROK 2021 RAPORTY ROCZNE ZA ROK 2020 RAPORTY ROCZNE ZA ROK 2019 RAPORTY ROCZNE ZA ROK 2018 RAPORTY ROCZNE ZA ROK 2017 RAPORTY ROCZNE ZA ROK 2016 RAPORTY ROCZNE ZA ROK 2015 [&hellip;]<\/p>","protected":false},"author":1,"featured_media":0,"parent":1449,"menu_order":0,"comment_status":"closed","ping_status":"closed","template":"","meta":{"footnotes":""},"class_list":["post-1508","page","type-page","status-publish","hentry"],"_links":{"self":[{"href":"https:\/\/www.hrc.com.pl\/en\/wp-json\/wp\/v2\/pages\/1508","targetHints":{"allow":["GET"]}}],"collection":[{"href":"https:\/\/www.hrc.com.pl\/en\/wp-json\/wp\/v2\/pages"}],"about":[{"href":"https:\/\/www.hrc.com.pl\/en\/wp-json\/wp\/v2\/types\/page"}],"author":[{"embeddable":true,"href":"https:\/\/www.hrc.com.pl\/en\/wp-json\/wp\/v2\/users\/1"}],"replies":[{"embeddable":true,"href":"https:\/\/www.hrc.com.pl\/en\/wp-json\/wp\/v2\/comments?post=1508"}],"version-history":[{"count":3,"href":"https:\/\/www.hrc.com.pl\/en\/wp-json\/wp\/v2\/pages\/1508\/revisions"}],"predecessor-version":[{"id":1808,"href":"https:\/\/www.hrc.com.pl\/en\/wp-json\/wp\/v2\/pages\/1508\/revisions\/1808"}],"up":[{"embeddable":true,"href":"https:\/\/www.hrc.com.pl\/en\/wp-json\/wp\/v2\/pages\/1449"}],"wp:attachment":[{"href":"https:\/\/www.hrc.com.pl\/en\/wp-json\/wp\/v2\/media?parent=1508"}],"curies":[{"name":"wp","href":"https:\/\/api.w.org\/{rel}","templated":true}]}}